{"id":81,"date":"2026-01-11T16:39:49","date_gmt":"2026-01-11T16:39:49","guid":{"rendered":"https:\/\/railtrip.si\/?page_id=81"},"modified":"2026-01-11T17:38:39","modified_gmt":"2026-01-11T17:38:39","slug":"prijavnica-berlin-in-tropski-otok","status":"publish","type":"page","link":"https:\/\/railtrip.si\/index.php\/prijavnica-berlin-in-tropski-otok\/","title":{"rendered":"Prijavnica: Berlin in Tropski otok"},"content":{"rendered":"\n<p><\/p>\n\n\n<style id=\"wpforms-css-vars-67-block-80160089-01c5-4d32-8f32-b36ca65422d4\">\n\t\t\t\t#wpforms-67.wpforms-block-80160089-01c5-4d32-8f32-b36ca65422d4 {\n\t\t\t\t--wpforms-label-color: rgba(0, 0, 0, 0.85);\n--wpforms-label-sublabel-color: rgba(0, 0, 0, 0.55);\n--wpforms-field-border-color: rgba(0, 0, 0, 0.25);\n--wpforms-field-border-color-spare: rgba(0, 0, 0, 0.25);\n--wpforms-field-text-color: rgba(0, 0, 0, 0.7);\n--wpforms-field-size-input-height: 43px;\n--wpforms-field-size-input-spacing: 15px;\n--wpforms-field-size-font-size: 16px;\n--wpforms-field-size-line-height: 19px;\n--wpforms-field-size-padding-h: 14px;\n--wpforms-field-size-checkbox-size: 16px;\n--wpforms-field-size-sublabel-spacing: 5px;\n--wpforms-field-size-icon-size: 1;\n--wpforms-label-size-font-size: 18px;\n--wpforms-label-size-line-height: 21px;\n--wpforms-label-size-sublabel-font-size: 16px;\n--wpforms-label-size-sublabel-line-height: 19px;\n--wpforms-button-size-font-size: 17px;\n--wpforms-button-size-height: 41px;\n--wpforms-button-size-padding-h: 15px;\n--wpforms-button-size-margin-top: 10px;\n\t\t\t}\n\t\t\t<\/style><div class=\"wpforms-container wpforms-container-full wpforms-block wpforms-block-80160089-01c5-4d32-8f32-b36ca65422d4 wpforms-render-modern\" id=\"wpforms-67\"><form id=\"wpforms-form-67\" class=\"wpforms-validate wpforms-form wpforms-ajax-form\" data-formid=\"67\" method=\"post\" enctype=\"multipart\/form-data\" action=\"\/index.php\/wp-json\/wp\/v2\/pages\/81\" data-token=\"596b954c66149cd28a311177e9a061de\" data-token-time=\"1778796923\"><noscript class=\"wpforms-error-noscript\">Please enable JavaScript in your browser to complete this form.<\/noscript><div id=\"wpforms-error-noscript\" style=\"display: none;\">Please enable JavaScript in your browser to complete this form.<\/div><div class=\"wpforms-field-container\"><div id=\"wpforms-67-field_1-container\" class=\"wpforms-field wpforms-field-name\" data-field-id=\"1\"><fieldset><legend class=\"wpforms-field-label\">Ime in priimek <span class=\"wpforms-required-label\" aria-hidden=\"true\">*<\/span><\/legend><div class=\"wpforms-field-row wpforms-field-large\"><div class=\"wpforms-field-row-block wpforms-first wpforms-one-half\"><input type=\"text\" id=\"wpforms-67-field_1\" class=\"wpforms-field-name-first wpforms-field-required\" name=\"wpforms[fields][1][first]\" aria-errormessage=\"wpforms-67-field_1-error\" aria-describedby=\"wpforms-67-field_1-description\" required><label for=\"wpforms-67-field_1\" class=\"wpforms-field-sublabel after wpforms-sublabel-hide\">First<\/label><\/div><div class=\"wpforms-field-row-block wpforms-one-half\"><input type=\"text\" id=\"wpforms-67-field_1-last\" class=\"wpforms-field-name-last wpforms-field-required\" name=\"wpforms[fields][1][last]\" aria-errormessage=\"wpforms-67-field_1-last-error\" aria-describedby=\"wpforms-67-field_1-description\" required><label for=\"wpforms-67-field_1-last\" class=\"wpforms-field-sublabel after wpforms-sublabel-hide\">Last<\/label><\/div><\/div><div id=\"wpforms-67-field_1-description\" class=\"wpforms-field-description\">Cena izleta je 490,00 EUR, otroci do 12 let 450,00 EUR Znesek prijavnine je 15,00 EUR po prijavnici. \u200bPredra\u010dun za pla\u010dilo boste prejeli po elektronski po\u0161ti.   <\/div><\/fieldset><\/div><div id=\"wpforms-67-field_2-container\" class=\"wpforms-field wpforms-field-text\" data-field-id=\"2\"><label class=\"wpforms-field-label\" for=\"wpforms-67-field_2\">Naslov (ulica in hi\u0161na \u0161tevilka) <span class=\"wpforms-required-label\" aria-hidden=\"true\">*<\/span><\/label><input type=\"text\" id=\"wpforms-67-field_2\" class=\"wpforms-field-medium wpforms-field-required\" name=\"wpforms[fields][2]\" aria-errormessage=\"wpforms-67-field_2-error\" required><\/div><div id=\"wpforms-67-field_3-container\" class=\"wpforms-field wpforms-field-text\" data-field-id=\"3\"><label class=\"wpforms-field-label\" for=\"wpforms-67-field_3\">Po\u0161tna \u0161tevilka in kraj <span class=\"wpforms-required-label\" aria-hidden=\"true\">*<\/span><\/label><input type=\"text\" id=\"wpforms-67-field_3\" class=\"wpforms-field-medium wpforms-field-required\" name=\"wpforms[fields][3]\" aria-errormessage=\"wpforms-67-field_3-error\" required><\/div><div id=\"wpforms-67-field_4-container\" class=\"wpforms-field wpforms-field-text\" data-field-id=\"4\"><label class=\"wpforms-field-label\" for=\"wpforms-67-field_4\">Telefonska \u0161tevilka: <span class=\"wpforms-required-label\" aria-hidden=\"true\">*<\/span><\/label><input type=\"text\" id=\"wpforms-67-field_4\" class=\"wpforms-field-medium wpforms-field-required\" name=\"wpforms[fields][4]\" aria-errormessage=\"wpforms-67-field_4-error\" required><\/div><div id=\"wpforms-67-field_6-container\" class=\"wpforms-field wpforms-field-email\" data-field-id=\"6\"><label class=\"wpforms-field-label\" for=\"wpforms-67-field_6\">elektronska po\u0161ta <span class=\"wpforms-required-label\" aria-hidden=\"true\">*<\/span><\/label><input type=\"email\" id=\"wpforms-67-field_6\" class=\"wpforms-field-medium wpforms-field-required\" name=\"wpforms[fields][6]\" spellcheck=\"false\" aria-errormessage=\"wpforms-67-field_6-error\" required><\/div><div id=\"wpforms-67-field_5-container\" class=\"wpforms-field wpforms-field-radio\" data-field-id=\"5\"><fieldset><legend class=\"wpforms-field-label\">Termin prijave: <span class=\"wpforms-required-label\" aria-hidden=\"true\">*<\/span><\/legend><ul id=\"wpforms-67-field_5\" class=\"wpforms-field-required\"><li class=\"choice-2 depth-1\"><input type=\"radio\" id=\"wpforms-67-field_5_2\" name=\"wpforms[fields][5]\" value=\"22.2.-25.2.2026\" aria-errormessage=\"wpforms-67-field_5_2-error\" required ><label class=\"wpforms-field-label-inline\" for=\"wpforms-67-field_5_2\">22.2.-25.2.2026<\/label><\/li><\/ul><\/fieldset><\/div><div id=\"wpforms-67-field_9-container\" class=\"wpforms-field wpforms-field-number\" data-field-id=\"9\"><label class=\"wpforms-field-label\" for=\"wpforms-67-field_9\">\u0160tevilo oseb (odrasli in otroci) <span class=\"wpforms-required-label\" aria-hidden=\"true\">*<\/span><\/label><input type=\"number\" id=\"wpforms-67-field_9\" class=\"wpforms-field-medium wpforms-field-required\" name=\"wpforms[fields][9]\" step=\"any\" aria-errormessage=\"wpforms-67-field_9-error\" aria-describedby=\"wpforms-67-field_9-description\" required><div id=\"wpforms-67-field_9-description\" class=\"wpforms-field-description\">Cena izleta je 490,00 EUR, otroci do 12 let 450,00 EUR<\/div><\/div><div id=\"wpforms-67-field_10-container\" class=\"wpforms-field wpforms-field-textarea\" data-field-id=\"10\"><label class=\"wpforms-field-label\" for=\"wpforms-67-field_10\">Podatki o vseh potnikih <span class=\"wpforms-required-label\" aria-hidden=\"true\">*<\/span><\/label><textarea id=\"wpforms-67-field_10\" class=\"wpforms-field-medium wpforms-field-required\" name=\"wpforms[fields][10]\" aria-errormessage=\"wpforms-67-field_10-error\" aria-describedby=\"wpforms-67-field_10-description\" required><\/textarea><div id=\"wpforms-67-field_10-description\" class=\"wpforms-field-description\">Prosimo vnesite vse podatke o potnikih. Ime priimek, rojstni datum in \u0161tevilka dokumenta<\/div><\/div><div id=\"wpforms-67-field_14-container\" class=\"wpforms-field wpforms-field-radio\" data-field-id=\"14\"><fieldset><legend class=\"wpforms-field-label\">Izbira sede\u017ea\/le\u017ei\u0161\u010da na vlaku (Gradec-Berlin)<\/legend><ul id=\"wpforms-67-field_14\"><li class=\"choice-1 depth-1\"><input type=\"radio\" id=\"wpforms-67-field_14_1\" name=\"wpforms[fields][14]\" value=\"sede\u017e (vklju\u010deno v ceno)\" aria-errormessage=\"wpforms-67-field_14_1-error\" aria-describedby=\"wpforms-67-field_14-description\"  ><label class=\"wpforms-field-label-inline\" for=\"wpforms-67-field_14_1\">sede\u017e (vklju\u010deno v ceno)<\/label><\/li><li class=\"choice-2 depth-1\"><input type=\"radio\" id=\"wpforms-67-field_14_2\" name=\"wpforms[fields][14]\" value=\"le\u017ei\u0161\u010de v 6-posteljnem kupeju: +45 \u20ac \/ osebo\" aria-errormessage=\"wpforms-67-field_14_2-error\" aria-describedby=\"wpforms-67-field_14-description\"  ><label class=\"wpforms-field-label-inline\" for=\"wpforms-67-field_14_2\">le\u017ei\u0161\u010de v 6-posteljnem kupeju: +45 \u20ac \/ osebo<\/label><\/li><li class=\"choice-3 depth-1\"><input type=\"radio\" id=\"wpforms-67-field_14_3\" name=\"wpforms[fields][14]\" value=\"le\u017ei\u0161\u010de v 4-posteljnem kupeju: +65 \u20ac \/ osebo\" aria-errormessage=\"wpforms-67-field_14_3-error\" aria-describedby=\"wpforms-67-field_14-description\"  ><label class=\"wpforms-field-label-inline\" for=\"wpforms-67-field_14_3\">le\u017ei\u0161\u010de v 4-posteljnem kupeju: +65 \u20ac \/ osebo<\/label><\/li><li class=\"choice-4 depth-1\"><input type=\"radio\" id=\"wpforms-67-field_14_4\" name=\"wpforms[fields][14]\" value=\"privatni dru\u017einski kupe (za do 4 osebe): Vas pokli\u010demo za fiksno ceno zakupa celotnega kupeja!\" aria-errormessage=\"wpforms-67-field_14_4-error\" aria-describedby=\"wpforms-67-field_14-description\"  ><label class=\"wpforms-field-label-inline\" for=\"wpforms-67-field_14_4\">privatni dru\u017einski kupe (za do 4 osebe): Vas pokli\u010demo za fiksno ceno zakupa celotnega kupeja!<\/label><\/li><\/ul><div id=\"wpforms-67-field_14-description\" class=\"wpforms-field-description\">Izbira in rezervacija le\u017ei\u0161\u010d\/kupeja je odvisna od razpolo\u017eljivosti ob rezervaciji.\nRezervacija le\u017ei\u0161\u010da vklju\u010duje zajtrk.<\/div><\/fieldset><\/div><div id=\"wpforms-67-field_12-container\" class=\"wpforms-field wpforms-field-checkbox\" data-field-id=\"12\"><fieldset><legend class=\"wpforms-field-label\">Pla\u010dilo <span class=\"wpforms-required-label\" aria-hidden=\"true\">*<\/span><\/legend><ul id=\"wpforms-67-field_12\" class=\"wpforms-field-required\"><li class=\"choice-1 depth-1\"><input type=\"checkbox\" id=\"wpforms-67-field_12_1\" name=\"wpforms[fields][12][]\" value=\"nakazilo preko spletne banke\" aria-errormessage=\"wpforms-67-field_12_1-error\" required ><label class=\"wpforms-field-label-inline\" for=\"wpforms-67-field_12_1\">nakazilo preko spletne banke<\/label><\/li><li class=\"choice-2 depth-1\"><input type=\"checkbox\" id=\"wpforms-67-field_12_2\" name=\"wpforms[fields][12][]\" value=\"pla\u010dilni nalog - UPN\" aria-errormessage=\"wpforms-67-field_12_2-error\" required ><label class=\"wpforms-field-label-inline\" for=\"wpforms-67-field_12_2\">pla\u010dilni nalog &#8211; UPN<\/label><\/li><li class=\"choice-3 depth-1\"><input type=\"checkbox\" id=\"wpforms-67-field_12_3\" name=\"wpforms[fields][12][]\" value=\"Paypal (+2%)\" aria-errormessage=\"wpforms-67-field_12_3-error\" required ><label class=\"wpforms-field-label-inline\" for=\"wpforms-67-field_12_3\">Paypal (+2%)<\/label><\/li><\/ul><\/fieldset><\/div><div id=\"wpforms-67-field_13-container\" class=\"wpforms-field wpforms-field-textarea\" data-field-id=\"13\"><label class=\"wpforms-field-label\" for=\"wpforms-67-field_13\">Va\u0161e \u017eelje, mnenja, prehrana&#8230;<\/label><textarea id=\"wpforms-67-field_13\" class=\"wpforms-field-medium\" name=\"wpforms[fields][13]\" aria-errormessage=\"wpforms-67-field_13-error\" aria-describedby=\"wpforms-67-field_13-description\" ><\/textarea><div id=\"wpforms-67-field_13-description\" class=\"wpforms-field-description\">Po prejemu va\u0161e prijave vas bomo kontaktirali za potrditev rezervacije.<\/div><\/div><div id=\"wpforms-67-field_15-container\" class=\"wpforms-field wpforms-field-radio\" data-field-id=\"15\"><fieldset><legend class=\"wpforms-field-label\">Prevoz do \u017eelezni\u0161\u010dke postaje v Gradec<\/legend><ul id=\"wpforms-67-field_15\"><li class=\"choice-1 depth-1\"><input type=\"radio\" id=\"wpforms-67-field_15_1\" name=\"wpforms[fields][15]\" value=\"lasten prevoz\" aria-errormessage=\"wpforms-67-field_15_1-error\" aria-describedby=\"wpforms-67-field_15-description\"  ><label class=\"wpforms-field-label-inline\" for=\"wpforms-67-field_15_1\">lasten prevoz<\/label><\/li><li class=\"choice-2 depth-1\"><input type=\"radio\" id=\"wpforms-67-field_15_2\" name=\"wpforms[fields][15]\" value=\"\u017delim organiziran prevoz  iz Maribora 25\u20ac\/osebo\" aria-errormessage=\"wpforms-67-field_15_2-error\" aria-describedby=\"wpforms-67-field_15-description\"  ><label class=\"wpforms-field-label-inline\" for=\"wpforms-67-field_15_2\">\u017delim organiziran prevoz  iz Maribora 25\u20ac\/osebo<\/label><\/li><li class=\"choice-3 depth-1\"><input type=\"radio\" id=\"wpforms-67-field_15_3\" name=\"wpforms[fields][15]\" value=\"\u017delim organiziran prevoz iz Ljubljane 40\u20ac\/osebo\" aria-errormessage=\"wpforms-67-field_15_3-error\" aria-describedby=\"wpforms-67-field_15-description\"  ><label class=\"wpforms-field-label-inline\" for=\"wpforms-67-field_15_3\">\u017delim organiziran prevoz iz Ljubljane 40\u20ac\/osebo<\/label><\/li><\/ul><div id=\"wpforms-67-field_15-description\" class=\"wpforms-field-description\">Za organizacijo prevoza je potrebno minimalno 5 potnikov za posamezen transfer.<\/div><\/fieldset><\/div>\t\t<div id=\"wpforms-67-field_7-container\"\n\t\t\tclass=\"wpforms-field wpforms-field-text\"\n\t\t\tdata-field-type=\"text\"\n\t\t\tdata-field-id=\"7\"\n\t\t\t>\n\t\t\t<label class=\"wpforms-field-label\" for=\"wpforms-67-field_7\" >na do soglasja<\/label>\n\t\t\t<input type=\"text\" id=\"wpforms-67-field_7\" class=\"wpforms-field-medium\" name=\"wpforms[fields][7]\" >\n\t\t<\/div>\n\t\t<div id=\"wpforms-67-field_11-container\" class=\"wpforms-field wpforms-field-checkbox\" data-field-id=\"11\"><fieldset><legend class=\"wpforms-field-label\">Va\u0161a soglasja <span class=\"wpforms-required-label\" aria-hidden=\"true\">*<\/span><\/legend><ul id=\"wpforms-67-field_11\" class=\"wpforms-field-required\"><li class=\"choice-1 depth-1\"><input type=\"checkbox\" id=\"wpforms-67-field_11_1\" name=\"wpforms[fields][11][]\" value=\"S prijavo na potovanje se strinjam s &lt;a href=&quot;https:\/\/railtrip.si\/index.php\/splosni-pogoji-poslovanja\/&quot; target=&quot;_blank&quot;&gt;splo\u0161nimi pogoji&lt;\/a&gt;.\" aria-errormessage=\"wpforms-67-field_11_1-error\" required ><label class=\"wpforms-field-label-inline\" for=\"wpforms-67-field_11_1\">S prijavo na potovanje se strinjam s <a href=\"https:\/\/railtrip.si\/index.php\/splosni-pogoji-poslovanja\/\" target=\"_blank\">splo\u0161nimi pogoji<\/a>.<\/label><\/li><\/ul><\/fieldset><\/div><script>\n\t\t\t\t( function() {\n\t\t\t\t\tconst style = document.createElement( 'style' );\n\t\t\t\t\tstyle.appendChild( document.createTextNode( '#wpforms-67-field_7-container { position: absolute !important; overflow: hidden !important; display: inline !important; height: 1px !important; width: 1px !important; z-index: -1000 !important; padding: 0 !important; } #wpforms-67-field_7-container input { visibility: hidden; } #wpforms-conversational-form-page #wpforms-67-field_7-container label { counter-increment: none; }' ) );\n\t\t\t\t\tdocument.head.appendChild( style );\n\t\t\t\t\tdocument.currentScript?.remove();\n\t\t\t\t} )();\n\t\t\t<\/script><\/div><!-- .wpforms-field-container --><div class=\"wpforms-submit-container\" ><input type=\"hidden\" name=\"wpforms[id]\" value=\"67\"><input type=\"hidden\" name=\"page_title\" value=\"\"><input type=\"hidden\" name=\"page_url\" value=\"https:\/\/railtrip.si\/index.php\/wp-json\/wp\/v2\/pages\/81\"><input type=\"hidden\" name=\"url_referer\" value=\"\"><button type=\"submit\" name=\"wpforms[submit]\" id=\"wpforms-submit-67\" class=\"wpforms-submit\" data-alt-text=\"V po\u0161iljanju...\" data-submit-text=\"Prijava na potovanje\" aria-live=\"assertive\" value=\"wpforms-submit\">Prijava na potovanje<\/button><img loading=\"lazy\" decoding=\"async\" src=\"https:\/\/railtrip.si\/wp-content\/plugins\/wpforms-lite\/assets\/images\/submit-spin.svg\" class=\"wpforms-submit-spinner\" style=\"display: none;\" width=\"26\" height=\"26\" alt=\"Loading\"><\/div><\/form><\/div>  <!-- .wpforms-container -->","protected":false},"excerpt":{"rendered":"","protected":false},"author":1,"featured_media":0,"parent":0,"menu_order":0,"comment_status":"closed","ping_status":"closed","template":"","meta":{"footnotes":""},"class_list":["post-81","page","type-page","status-publish","hentry"],"_links":{"self":[{"href":"https:\/\/railtrip.si\/index.php\/wp-json\/wp\/v2\/pages\/81","targetHints":{"allow":["GET"]}}],"collection":[{"href":"https:\/\/railtrip.si\/index.php\/wp-json\/wp\/v2\/pages"}],"about":[{"href":"https:\/\/railtrip.si\/index.php\/wp-json\/wp\/v2\/types\/page"}],"author":[{"embeddable":true,"href":"https:\/\/railtrip.si\/index.php\/wp-json\/wp\/v2\/users\/1"}],"replies":[{"embeddable":true,"href":"https:\/\/railtrip.si\/index.php\/wp-json\/wp\/v2\/comments?post=81"}],"version-history":[{"count":3,"href":"https:\/\/railtrip.si\/index.php\/wp-json\/wp\/v2\/pages\/81\/revisions"}],"predecessor-version":[{"id":96,"href":"https:\/\/railtrip.si\/index.php\/wp-json\/wp\/v2\/pages\/81\/revisions\/96"}],"wp:attachment":[{"href":"https:\/\/railtrip.si\/index.php\/wp-json\/wp\/v2\/media?parent=81"}],"curies":[{"name":"wp","href":"https:\/\/api.w.org\/{rel}","templated":true}]}}