{"id":57,"date":"2026-01-07T22:18:35","date_gmt":"2026-01-07T22:18:35","guid":{"rendered":"https:\/\/railtrip.si\/?page_id=57"},"modified":"2026-01-18T23:12:15","modified_gmt":"2026-01-18T23:12:15","slug":"rail-trip-iz-snega-v-tropsko-dzunglo","status":"publish","type":"page","link":"https:\/\/railtrip.si\/index.php\/rail-trip-iz-snega-v-tropsko-dzunglo\/","title":{"rendered":"RAIL TRIP: IZ SNEGA V TROPSKO D\u017dUNGLO"},"content":{"rendered":"\n<p class=\"has-text-align-center has-foreground-color has-text-color has-link-color has-content-heading-font-size wp-elements-4d8d442877ac4ddd61cbf4a49c07a891\"><strong>BERLIN IN TROPICAL ISLAND<\/strong><br>Termina: 22.2.-25.2.2026 (zagotovljen odhod)<\/p>\n\n\n\n<p class=\"has-text-align-center\"><strong><a href=\"https:\/\/railtrip.si\/index.php\/galerija\/\" data-type=\"page\" data-id=\"124\">GALERIJA<\/a> Tropical Island<\/strong><\/p>\n\n\n\n<p class=\"has-text-align-center has-foreground-color has-text-color has-link-color wp-elements-28cf4b1d971ea66cb1ab2452968eea2f\"><strong>\u00bbZimske po\u010ditnice, kjer boste smu\u010darske bunde zamenjali za kopalke!\u00ab<\/strong><\/p>\n\n\n\n<div class=\"wp-block-buttons is-content-justification-center is-layout-flex wp-container-core-buttons-is-layout-a89b3969 wp-block-buttons-is-layout-flex\">\n<div class=\"wp-block-button\"><a class=\"wp-block-button__link has-foreground-color has-vivid-cyan-blue-background-color has-text-color has-background has-link-color wp-element-button\" href=\"https:\/\/railtrip.si\/index.php\/prijavnica-berlin-in-tropski-otok\/\"><strong>PRIJAVITE SE TUKAJ<\/strong><\/a><\/div>\n<\/div>\n\n\n\n<p class=\"has-text-align-center has-foreground-color has-text-color has-link-color wp-elements-bebb4833f715b2741ecfc095f0d7eae1\"><em>Pozabite na sivo nebo, led na vetrobranskem steklu in dolge ure v avtomobilu. Agencija RAIL TRIP vas vabi na najbolj nenavadno zimsko avanturo tega leta! Predstavljajte si, da zve\u010der vstopite na vlak sredi zasne\u017eene&nbsp;pokrajine, naslednje jutro pa se zbudite v objemu palm, belega peska in tropskih 26 stopinj. Brez letali\u0161kega stresa, brez \u010dakanja v vrstah \u2013 le udobje tirnic, ki vas popeljejo neposredno v osr\u010dje najve\u010djega tropskega raja v Evropi. To so po\u010ditnice, o katerih bodo otroci pripovedovali celo leto!<\/em>&nbsp;<br><br><strong><em><u>NA\u010cRT POTI: KO SE TIRNICE SRE\u010cAJO S PALMAMI&nbsp;<\/u><\/em><\/strong><\/p>\n\n\n\n<p class=\"has-text-align-left has-foreground-color has-text-color has-link-color wp-elements-a0fad006d60828d6ce8f8d4b84650474\"><strong>1.DAN: NO\u010cNA AVANTURA \u2013 Gradec &#8211; Berlin<\/strong><br>Na\u0161a pot se za\u010dne zve\u010der na \u017eelezni\u0161ki postaji v Gradcu. Namesto stresa na avtocesti nas \u010daka udobje&nbsp;vlaka Nightjet. Pot \u010dez Dunaj, Prago, Dresden do Berlina. Namestitev na udobnih sede\u017eih, ob dopla\u010dilu in glede na razpolago v \u010dasu prijave pa tudi v le\u017ealnikih ali spalni kabini (dopla\u010dilo). Ko se vlak po\u017eene v no\u010d, bomo razdelili&nbsp; potovalne dnevnike, star\u0161i si boste privo\u0161\u010dili ve\u010derni klepet, otroci pa bodo do\u017eiveli svojo prvo no\u010d na tirnicah. Medtem ko boste mirno spali, bo na\u0161 vlak premagoval stotine kilometrov proti severu.&nbsp;<\/p>\n\n\n\n<p class=\"has-text-align-left has-foreground-color has-text-color has-link-color wp-elements-450bdb31efd7d3c522142862ca26fe0b\"><strong>2.DAN: TROPICAL ISLANDS \u2013 No\u010dno plavanje pod zvezdami<\/strong>&nbsp;<br>Zjutraj okoli 7.40 \u017ee zagledamo Berlin. Po kratkem preskoku z lokalnim vlakom se pred nami pojavi mogo\u010dna kupola \u2013&nbsp;Tropical&nbsp;Islands. Takoj ko stopite skozi vrata, vas objame tropska vro\u010dina.&nbsp;Vstop v svet, kjer je vedno 26 \u00b0C. Dan za tobogane, de\u017eevni gozd in turkizno morje.<br>To ni le vodni park, ampak najve\u010dji tropski svet v zaprtem prostoru na svetu, ki se nahaja v nekdanjem hangarju za zra\u010dne ladje (CargoLifter). Kupola je tako velika, da bi v njej pokon\u010dno stala Kip svobode ali Eifflov stolp (le\u017ee). Park vsebuje <strong>Tropsko morje (The Tropical Sea):<\/strong> Ogromen bazen (velikosti treh olimpijskih), ogret na <strong>28\u00b0C<\/strong>. Ima pe\u0161\u010deno pla\u017eo, palme in otro\u0161ki del, &nbsp;<strong>Laguna (The Lagoon):<\/strong> Bolj intimen predel z vodo, ogreto na <strong>32\u00b0C<\/strong>, slapovi, masa\u017enimi \u0161obami in jamami. Idealno za ve\u010derno sprostitev, <strong>De\u017eevni gozd:<\/strong> Pravi gozd sredi kupole z ve\u010d kot 50.000 rastlinami in \u017eivalmi (vidite lahko flaminge, \u017eelve in eksoti\u010dne ribe), <strong>Tobogani (Water Slide Tower):<\/strong> 27 metrov visok stolp s \u0161tirimi razli\u010dnimi tobogani (od dru\u017einskih do tistih za adrenalinske navdu\u0161ence, ki dose\u017eejo 70 km\/h), &nbsp;<strong>Amazonia (Zunanji del):<\/strong> Odprt celo leto. Vklju\u010duje reko &#8220;Whitewater River&#8221; \u2013 250 metrov dolg kanal z nenehnim tokom, ki je med gosti najbolj priljubljen in <strong>Savna in Spa:<\/strong> Ogromen predel (10.000 m\u00b2) z razli\u010dnimi tipi savn in masa\u017eami (dopla\u010dilo).<br>Nastanili se bomo v safari \u0161otorih na pesku oziroma po \u017eelji in z dopla\u010dilom v sobah. \u0160otori so opremljeni z vzmetnicami, blazinami in odejami. Ko dnevni gostje odidejo, nastopi magija. Tropsko morje ostane odprto celo no\u010d! Ste \u017ee kdaj plavali v topli laguni ob dveh zjutraj, obdani s palmami? To je trenutek, ki ga ne boste pozabili.&nbsp;<\/p>\n\n\n\n<p class=\"has-text-align-left has-foreground-color has-text-color has-link-color wp-elements-0b778ae5908ac54e4604b6eae27f468f\"><strong>3.DAN: BERLIN \u2013 Od d\u017eungle do nem\u0161ke prestolnice<\/strong>&nbsp;<br>Po zajtrku v tropski vasi imamo \u0161e celo dopoldne za zadnje skoke v vodo ali u\u017eivanje v zunanjem bazenu&nbsp;Amazonia. Popoldne okoli 14. ure se poslovimo od d\u017eungle in se podamo v Berlin. Namestili se bomo v modernem hotelu v v bli\u017eini \u017eelezni\u0161ke postaje. Berlin pozimi ima poseben \u010dar. Ko se mesto pri\u017ege, se podamo na <strong>veliki ve\u010derni ogled<\/strong>. Sprehod mimo osvetljenega Bundestaga do <strong>Brandenbur\u0161kih vrat<\/strong>, obisk misti\u010dnega spomenika holokavstu in legendarne to\u010dke Checkpoint Charlie. Ve\u010der zaklju\u010dimo na <strong>Alexanderplatzu<\/strong>. \u010cas za ve\u010derjo. Povratek v hotel v nekaj minutah z mestnim vlakom.<\/p>\n\n\n\n<p class=\"has-foreground-color has-text-color has-link-color wp-elements-5c5bef425d140461a5ae821a4e33535a\"><strong>4.DAN: HITROST IN VRNITEV \u2013 300 km\/h proti domu<\/strong>&nbsp; <br>Po zajtrku v hotelu imamo \u0161e zadnje dopoldne za kratek nakup spominkov ali obisk znamenitega berlinskega zidu. Nato se pripravimo na vrhunec nem\u0161ke \u017eelezni\u0161ke tehnologije \u2013 hitri vlak ICE. S hitrostjo do 300 km\/h bomo kot pu\u0161\u010dica \u0161vignili \u010dez Nem\u010dijo s predvidenim prestopom v Munchnu &#8230; V vagon-restavraciji bomo strnili vtise in v ve\u010dernih urah prispeli nazaj v Gradec, polni tropske energije sredi zime.&nbsp;<\/p>\n\n\n\n<p class=\"has-foreground-color has-text-color has-link-color has-content-heading-font-size wp-elements-787095f34c4cf8e52fb4761b13140795\"><strong>CENA ARAN\u017dMAJA:&nbsp;490,00 \u20ac, OTROCI (do 12 leta): 450,00 \u20ac&nbsp;<\/strong><\/p>\n\n\n\n<p class=\"has-foreground-color has-text-color has-link-color wp-elements-1c193dfd6bd028c500f45a56bbefc133\"><strong><u>KAJ JE VKLJU\u010cENO V CENO?<\/u><\/strong>&nbsp;<br><strong>Vsi prevozi z vlaki:<\/strong>&nbsp;Gradec\u2013Berlin, Berlin\u2013Gradec (hitri vlak ICE), lokalni prevoz z vlakom do parka<br><strong>No\u010ditev na vlaku:<\/strong>&nbsp;Rezerviran udoben sede\u017e 2. razred&nbsp;<br><strong>Tropska avantura:<\/strong>&nbsp;1x no\u010ditev v safari \u0161otoru na pesku znotraj&nbsp;Tropical&nbsp;Islands&nbsp;z vklju\u010denim zajtrkom<br><strong>Vstopnica<\/strong>: 2-dnevni neomejen vstop v vse predele parka&nbsp;Tropical&nbsp;Islands (savne z dopla\u010dilom)&nbsp;<br><strong>Mestni utrip:<\/strong>&nbsp;1x no\u010ditev v hotelu 3\/4* v Berlinu z vklju\u010denim zajtrkom<br><strong>Vodenje:<\/strong> Strokovno in spro\u0161\u010deno vodenje agencije RAIL TRIP&nbsp;<br><strong>Organizacija:<\/strong> Celotna logistika in priprava potovanja.&nbsp;<\/p>\n\n\n\n<p class=\"has-foreground-color has-text-color has-link-color wp-elements-f05dcba6728b6c0b28b05a893866faf3\"><strong>OBVEZNO DOPLA\u010cILO: turisti\u010dna taksa 8 \u20ac\/osebo, prijavnina 15 \u20ac po prijavnici<\/strong><br><em><u><strong>Dopla\u010dilo za enoposteljno sobo v a) hotelu: 60\u20ac, b) \u0161otoru 70\u20ac<\/strong><\/u><\/em><\/p>\n\n\n\n<p class=\"has-foreground-color has-text-color has-link-color wp-elements-ce5ee1e51869a01099708dcfc0bfd973\"><strong>LOGISTI\u010cNI DOSTOP DO GRADCA:<\/strong><br>Na \u017eelezni\u0161ki postaji v Gradcu lahko z vozovnico parkirate v gara\u017ei ugodneje, cca. 25\u20ac \/ teden.<br>Ve\u010dkrat dnevno je tudi \u017eelezni\u0161ka povezava Ljubljana \u2013 Gradec (preko Maribora ali Beljaka) ali Maribor Gradec. <br>V primeru vsah 5 potnikov bo organiziran tudi kombi prevoz (Maribor 25\u20ac\/osebo, Ljubljana 40\u20ac\/osebo)<\/p>\n\n\n\n<p class=\"has-foreground-color has-text-color has-link-color wp-elements-46e90af389ee138c0291b853ae70d5d8\"><strong>DOPLA\u010cILA PO \u017dELJI:<\/strong> Savna svet v parku,&nbsp;premium&nbsp;soba v parku (namesto \u0161otora), osebna poraba, night upgrade, mestni prevoz Berlin<\/p>\n\n\n\n<p class=\"has-foreground-color has-text-color has-link-color wp-elements-7565fdc33774a47bf7aec91896b08aeb\"><strong>DOPLA\u010cILA ZA MAKSIMALNO UDOBJE (Night Upgrade):<\/strong><br>Osnovna cena vklju\u010duje povratni prevoz na udobnih sede\u017eih.<br>\u017delite na no\u010dnem vlaku spati v pravi postelji? Ob prijavi si zagotovite svoj prostor v kupeju:<\/p>\n\n\n\n<ul class=\"wp-block-list\">\n<li class=\"has-foreground-color has-text-color has-link-color wp-elements-7e2e61681162531ede2a5409bbbb8f3c\"><strong>Le\u017ei\u0161\u010de v 6-posteljnem kupeju:<\/strong> +45 \u20ac \/ osebo<\/li>\n\n\n\n<li class=\"has-foreground-color has-text-color has-link-color wp-elements-710f71820f09101f015b6bdd7b79981e\"><strong>Le\u017ei\u0161\u010de v 4-posteljnem kupeju:<\/strong> +65 \u20ac \/ osebo<\/li>\n\n\n\n<li class=\"has-foreground-color has-text-color has-link-color wp-elements-81d0885a91153211d671b6cb1de746b6\"><strong>Privatni dru\u017einski kupe (za do 4 osebe):<\/strong> Pokli\u010dite za fiksno ceno zakupa celega kupeja!<\/li>\n\n\n\n<li class=\"has-foreground-color has-text-color has-link-color wp-elements-942f5ab545b5966b1f6533f78e052394\"><strong>Vsa le\u017ei\u0161\u010da imajo v ceno vklju\u010den zajtrk.<\/strong> Razpolo\u017eljivost je odvisna od zasedenosti vlaka.<\/li>\n<\/ul>\n\n\n\n<p class=\"has-foreground-color has-text-color has-link-color wp-elements-0569cfb01075da06c35e35d42fd9710e\"><strong>ZAKAJ IZBRATI RAIL TRIP?<\/strong>&nbsp;<br>Ker vemo, da je \u010das z dru\u017eino dragocen. Pri nas niste le \u0161tevilka v avtobusu, ampak del majhne, buti\u010dne skupine. Mi poskrbimo za vozovnice, prtljago in urnike \u2013 vi pa poskrbite za nepozabne spomine.&nbsp;<\/p>\n\n\n\n<ul class=\"wp-block-list\">\n<li class=\"has-foreground-color has-text-color has-link-color wp-elements-8b5678e02299ef1b97393b058089683d\"><strong>Brez skrbi:<\/strong> Mi poskrbimo za vse vozovnice, prtljago in logistiko.<\/li>\n\n\n\n<li class=\"has-foreground-color has-text-color has-link-color wp-elements-9115054e6f17c4a59792392e73360886\"><strong>Prilagodljivost:<\/strong> Izberite nivo udobja, ki vam ustreza.<\/li>\n\n\n\n<li class=\"has-foreground-color has-text-color has-link-color wp-elements-f908568d734f78e1e42d884df16ccb3e\"><strong>Izku\u0161nje:<\/strong> Vodimo vas tja, kjer se sredi zime za\u010dne poletje.<\/li>\n\n\n\n<li class=\"has-foreground-color has-text-color has-link-color wp-elements-98a688849a92488cc3fea2c173c29440\"><strong>Brez dodatnih stro\u0161kov pri manj\u0161i skupini:<\/strong> Potovanje bo izvedeno \u017ee z 10 prijavami \u2013 brez dopla\u010dila!<\/li>\n<\/ul>\n\n\n\n<p class=\"has-foreground-color has-text-color has-link-color wp-elements-ae1fb51e7ac096acba746e7399982147\"><strong>POZOR: Prijave zbiramo do zasedbe mest (le 24 na termin!).&nbsp;<\/strong> Rezervirajte svoj tropski pobeg zdaj!<\/p>\n\n\n\n<p class=\"has-foreground-color has-text-color has-link-color wp-elements-ff20444df619e941630b85ea30dbe308\"><strong><em><u>DODATNE INFORMACIJE K PROGRAMU<\/u><\/em><\/strong><br><strong>1.<\/strong> <strong>PREHRANA IN OSEBNA PORABA<\/strong><\/p>\n\n\n\n<ul class=\"wp-block-list\">\n<li class=\"has-foreground-color has-text-color has-link-color wp-elements-f0e399cc1146e45af8b3dbad742dbe02\"><strong>Vklju\u010deni obroki: V ceno sta vklju\u010dena dva zajtrka. Prvi zajtrk vas \u010daka v tropski vasi Tropical Islands po no\u010ditvi v \u0161otorih, drugi pa v hotelu v Berlinu.<\/strong><\/li>\n\n\n\n<li class=\"has-foreground-color has-text-color has-link-color wp-elements-b9a15a2641a92132e9a2830d8d12f525\"><strong>Ostala prehrana: Kosila in ve\u010derje so v lastni re\u017eiji, kar vam omogo\u010da prosto izbiro<sup>5<\/sup>. V sklopu Tropical Islands je na voljo ve\u010d restavracij (od tropskih bifejev do hitre prehrane). V Berlinu bomo ve\u010derjali v bli\u017eini Alexanderplatza, kjer je izbira restavracij ogromna<sup>7<\/sup>.<\/strong><\/li>\n\n\n\n<li class=\"has-foreground-color has-text-color has-link-color wp-elements-f64937880d0d7e41d0332c32f8179096\"><strong>Osebna poraba: Priporo\u010damo, da imate s seboj nekaj sredstev za pija\u010do, prigrizke in nakup spominkov.<\/strong><\/li>\n<\/ul>\n\n\n\n<p class=\"has-foreground-color has-text-color has-link-color wp-elements-5cd304fc565eb7e3b15107a37392774b\"><strong>2. POGOJI REZERVACIJE IN ODPOVEDI<\/strong><\/p>\n\n\n\n<ul class=\"wp-block-list\">\n<li class=\"has-foreground-color has-text-color has-link-color wp-elements-91a579cdc149f6a7bae4d550679123a4\"><strong>Prijava: Zaradi izjemno majhnih skupin (le 24 oseb na termin) so prijave mo\u017ene le do zasedbe mest.<\/strong><\/li>\n\n\n\n<li class=\"has-foreground-color has-text-color has-link-color wp-elements-d0b811d766e239814a062ebec55d4bc2\"><strong>Pla\u010dilni pogoji: Ob prijavi se poravna akontacija v vi\u0161ini 30 % cene aran\u017emaja. Preostanek zneska se poravna najpozneje 21 dni pred odhodom.<\/strong><\/li>\n\n\n\n<li class=\"has-foreground-color has-text-color has-link-color wp-elements-36d47b3fc31e86dbd77195338efe920f\"><strong>Zavarovanje: Agencija RAIL TRIP mo\u010dno priporo\u010da sklenitev zavarovanja z asistenco v tujini ter zavarovanja rizika odpovedi v primeru bolezni.<\/strong><\/li>\n<\/ul>\n\n\n\n<p class=\"has-foreground-color has-text-color has-link-color wp-elements-5ba2c96568fabbd4f0f1fe7b26fb479d\"><strong>3. KAJ VZETI S SEBOJ?<\/strong><\/p>\n\n\n\n<ul class=\"wp-block-list\">\n<li class=\"has-foreground-color has-text-color has-link-color wp-elements-030b3c954c5c6a3623984def0d8de133\"><strong>Oprema za kopanje: V kupoli vas \u010daka tropskih 26 <\/strong>\u00b0C<strong> in voda s temperaturo do 32 <\/strong>\u00b0C<strong>. Vlaga je precej visoka, zato priporo\u010damo ve\u010d kot en par kopalk. Ne pozabite na kopalke, brisa\u010de za pla\u017eo in natika\u010de.<\/strong><\/li>\n\n\n\n<li class=\"has-foreground-color has-text-color has-link-color wp-elements-240a7c8f482c00ec90dd36e49bbeff69\"><strong>Obla\u010dila: V Tropical Islands boste ve\u010dino \u010dasa v poletnih obla\u010dilih. Za ogled Berlina pa potrebujete topla zimska obla\u010dila in udobno obutev za hojo.<\/strong><\/li>\n\n\n\n<li class=\"has-foreground-color has-text-color has-link-color wp-elements-b83c9a8eb0638ea13ba520e09c0184c7\"><strong>Prtljaga: Ker potujemo z vlaki, priporo\u010damo uporabo kov\u010dkov na kolesih, ki jih je la\u017eje manevrirati po postajah.<\/strong><\/li>\n<\/ul>\n\n\n\n<div class=\"wp-block-buttons is-layout-flex wp-block-buttons-is-layout-flex\">\n<div class=\"wp-block-button\"><a class=\"wp-block-button__link has-text-align-center wp-element-button\" href=\"https:\/\/railtrip.si\/index.php\/prijavnica-berlin-in-tropski-otok\/\"><strong>PRIJAVITE SE TUKAJ<\/strong><\/a><\/div>\n<\/div>\n\n\n\n<p class=\"has-foreground-color has-text-color has-link-color wp-elements-874139a70ad055be17c5c1a627dce507\">___________________________________<br><strong>KONTAKT ZA PRIJAVO IN INFORMACIJE<\/strong><br><strong>Potovalna agencija RAIL TRIP<\/strong><br><strong><a href=\"http:\/\/www.railtrip.si\">www.railtrip.si<\/a><\/strong><br><strong>potovanja@railtrip.si<\/strong><br><strong>Telefon: 069\/666-111<\/strong><\/p>\n","protected":false},"excerpt":{"rendered":"<p>BERLIN IN TROPICAL ISLANDTermina: 22.2.-25.2.2026 (zagotovljen odhod) GALERIJA Tropical Island \u00bbZimske po\u010ditnice, kjer boste smu\u010darske bunde zamenjali za kopalke!\u00ab Pozabite na sivo nebo, led na vetrobranskem steklu in dolge ure v avtomobilu. Agencija RAIL TRIP vas vabi na najbolj nenavadno zimsko avanturo tega leta! Predstavljajte si, da zve\u010der vstopite na vlak sredi zasne\u017eene&nbsp;pokrajine, naslednje jutro [&hellip;]<\/p>\n","protected":false},"author":1,"featured_media":0,"parent":0,"menu_order":0,"comment_status":"closed","ping_status":"closed","template":"","meta":{"footnotes":""},"class_list":["post-57","page","type-page","status-publish","hentry"],"_links":{"self":[{"href":"https:\/\/railtrip.si\/index.php\/wp-json\/wp\/v2\/pages\/57","targetHints":{"allow":["GET"]}}],"collection":[{"href":"https:\/\/railtrip.si\/index.php\/wp-json\/wp\/v2\/pages"}],"about":[{"href":"https:\/\/railtrip.si\/index.php\/wp-json\/wp\/v2\/types\/page"}],"author":[{"embeddable":true,"href":"https:\/\/railtrip.si\/index.php\/wp-json\/wp\/v2\/users\/1"}],"replies":[{"embeddable":true,"href":"https:\/\/railtrip.si\/index.php\/wp-json\/wp\/v2\/comments?post=57"}],"version-history":[{"count":12,"href":"https:\/\/railtrip.si\/index.php\/wp-json\/wp\/v2\/pages\/57\/revisions"}],"predecessor-version":[{"id":145,"href":"https:\/\/railtrip.si\/index.php\/wp-json\/wp\/v2\/pages\/57\/revisions\/145"}],"wp:attachment":[{"href":"https:\/\/railtrip.si\/index.php\/wp-json\/wp\/v2\/media?parent=57"}],"curies":[{"name":"wp","href":"https:\/\/api.w.org\/{rel}","templated":true}]}}