{"id":197,"date":"2026-03-01T22:50:29","date_gmt":"2026-03-01T22:50:29","guid":{"rendered":"https:\/\/railtrip.si\/?page_id=197"},"modified":"2026-03-01T22:50:29","modified_gmt":"2026-03-01T22:50:29","slug":"pariz-ekspres","status":"publish","type":"page","link":"https:\/\/railtrip.si\/index.php\/pariz-ekspres\/","title":{"rendered":"PARIZ EKSPRES"},"content":{"rendered":"\n<p class=\"has-text-align-center has-foreground-color has-text-color has-link-color has-large-font-size wp-elements-919425e46b07303b69b9602bd45d3a6f\"><strong>OD ALPSKIH JUTRANJIH MEGLIC DO PARI\u0160KEGA BLI\u0160\u010cA<\/strong><br><strong>9. 8. \u2013 13. 8. 2026<\/strong><\/p>\n\n\n\n<p class=\"has-text-align-center has-foreground-color has-text-color has-link-color has-normal-font-size wp-elements-af2eaae12f8d2dbaf8aa041e2072bf10\"><br><strong>Program RailTrip Pariz je zasnovan za prave popotni\u0161ke sladokusce. Pot nas bo vodila skozi srce Evrope \u2013 od no\u010dne romantike v spalnikih, prek zajtrka Stuttgartu, do vrtoglave hitrosti 320 km\/h na krovu francoskega ponosa TGV Lyria. To ni le ogled mesta; to je potovanje v ritmu tirnic, kjer je pot prav tako pomembna kot cilj.<\/strong><\/p>\n\n\n\n<p class=\"has-foreground-color has-text-color has-link-color has-normal-font-size wp-elements-472f94b9628f8ae8fb757487145a954a\"><strong>1. DAN: NEDELJA (9. 8. 2026) \u2013 NO\u010cNI SKOK \u010cEZ ALPE IN NO\u010cNA PUSTOLOV\u0160\u010cINA POD ZVEZDAMI<\/strong><br>Na\u0161o pot za\u010dnemo na glavni postaji v Ljubljani ob 22:08. Vkrcamo se na no\u010dni vlak Nightjet 236, ki nas varno in mirno popelje \u010dez Karavanke, mimo Salzburga in M\u00fcnchna. Medtem ko svet zunaj spi, se mi v udobju kupejev pripravljamo na pari\u0161ko pustolov\u0161\u010dino. Brez prestopanja, brez nadomestnih avtobusov \u2013 le \u010disti ritem tirnic. Po \u017eelji in z dopla\u010dilom si lahko udobje na potovanju \u010dez Avstrijo pove\u010date z namestitvijo v spalne kabine.<\/p>\n\n\n\n<p class=\"has-foreground-color has-text-color has-link-color wp-elements-343b7299679d9496c73bcc78f8c1b53d\"><strong>2. DAN: PONEDELJEK (10. 8. 2026) \u2013S HITROSTJO V SRCE FRANCIJE TER BOEMSKI MONTMARTRE<\/strong><br>Jutranji prihod v Stuttgart izkoristimo za spro\u0161\u010den zajtrk in prvo pravo kavo, nato pa sledi vrhunec potovanja: vo\u017enja s super hitrim vlakom TGV v osr\u010dje Pariza. Po popoldanskem prihodu se namestimo v hotelu ob postaji in oddamo prtljago.<br>Prvi pari\u0161ki ve\u010der bomo pre\u017eiveli v kultni \u010detrti Le Marais. Sprehodili se bomo skozi najo\u017eje srednjeve\u0161ke ulice, ob\u010dudovali veli\u010dastni trg Place des Vosges in za\u010dutili neverjetno energijo tega predela. Ve\u010derja v Le Maraisu je do\u017eivetje zase \u00a0in tukaj bo vsak na\u0161el svoj koti\u010dek za popoln za\u010detek pari\u0161ke zgodbe. No\u010ditev.<\/p>\n\n\n\n<p class=\"has-foreground-color has-text-color has-link-color wp-elements-63fdeb193cef688f9e05578d59d3134e\"><strong>3. DAN: TOREK (11. 8. 2026) \u2013 SRCE PARIZA \u2013 OD LOUVRA DO EIFFLOVIH LU\u010cK<\/strong><br>Ta dan je posve\u010den vsemu, zaradi \u010desar se ljudje znova in znova zaljubljajo v Pariz. Z uporabo dnevne vozovnice za metro bomo po mestu potovali kot pravi Pari\u017eani \u2013 hitro, teko\u010de in brez skrbi.<br>Na\u0161o pot za\u010dnemo pri <strong>katedrali Notre-Dame<\/strong>, ki nas bo ponovno pozdravila v vsem svojem sijaju. Od tam se sprehodimo ob Seni, mimo slikovitih prodajalcev rabljenih knjig, in pre\u010dkamo znameniti <strong>Pont des Arts<\/strong> \u2013 most, ki s svojimi razgledi na reko ostaja ve\u010dni simbol zaljubljencev. Nadaljujemo do steklene piramide pred <strong>Louvrom<\/strong> in se sprehodili skozi <strong>kraljeve vrtove Tuileries<\/strong> do trga <strong>Concorde<\/strong>. Po ogledu mogo\u010dnega Slavoloka zmage si bomo vzeli \u010das za spro\u0161\u010deno kosilo. V stranskih ulicah blizu avenije <strong>Champs-\u00c9lys\u00e9es<\/strong> bomo poiskali tiste prave pari\u0161ke bistroje, kjer di\u0161i po sve\u017ei hrani in kjer si bomo nabrali mo\u010di za popoldne.<br>Popoldne nas \u010daka obisk veleblagovnice <strong>Galeries Lafayette<\/strong>. A ne zaradi nakupovanja \u2013 v kolikor bo mo\u017enost bomo stopili na njeno skrito stre\u0161no teraso, kjer se odpre eden najlep\u0161ih razgledov na pari\u0161ko Opero in Eifflov stolp v daljavi. Preden se povzpnemo na vrh umetni\u0161kega <strong>Montmartra<\/strong>, se bomo ustavili pri <strong>Zidu ljubezni<\/strong>, kjer je &#8220;Ljubim te&#8221; zapisano v ve\u010d kot 300 jezikih. Iskanje slovenskega napisa bo na\u0161 uvod v vzpon do <strong>bazilike Sacr\u00e9-C\u0153ur<\/strong>, kjer bomo u\u017eivali v utripu trga slikarjev <strong>Place du Tertre<\/strong>.<br>Dan bomo kronali na <strong>Trocad\u00e9ru<\/strong>, ko se bodo na <strong>Eifflovem stolpu<\/strong> pri\u017egale prve lu\u010di. Po magi\u010dnem ve\u010dernem utripanju lu\u010dk se bomo premaknili v bli\u017enji predel Passy kjer bo mo\u017enost za ve\u010derjo. Nato pa nas metro zanesljivo odpelje nazaj v na\u0161 hotel.<\/p>\n\n\n\n<p class=\"has-foreground-color has-text-color has-link-color wp-elements-a090a14f68792ff5f8fb75fe29121de5\"><strong>4. DAN: SREDA (12. 8. 2026) \u2013 PARIZ PO VA\u0160I MERI (DISNEYLAND ALI VERSAILLES)<\/strong><br>Zaradi na\u0161e strate\u0161ke lokacije ob glavnem prometnem vozli\u0161\u010du imate danes ves Pariz na dlani. Po zajtrku se lahko odlo\u010dite za eno izmed treh nepozabnih poti:<\/p>\n\n\n\n<p class=\"has-foreground-color has-text-color has-link-color wp-elements-632519ba5b67b882b4bac1e9cfb6d5ec\"><strong>OPCIJA 1: VERSAILLES \u2013 VRNITEV V \u010cAS SON\u010cNEGA KRALJA (47 \u20ac \/ osebo)<\/strong><br>Podajte se na pot v najbolj razko\u0161en dvorec na svetu. Versailles ni le pala\u010da, je simbol mo\u010di in umetnosti. Sprehodili se boste skozi slovito Dvorano ogledal, ob\u010dudovali kraljeve apartmaje in se izgubili v neskon\u010dnih, kirur\u0161ko natan\u010dno urejenih grajskih vrtovih. Ob pogledu na mogo\u010dne vodnjake in kanale boste razumeli, zakaj je Ludvik XIV. tukaj postavil sredi\u0161\u010de evropskega bli\u0161\u010da.<br><strong>OPCIJA 2: DISNEYLAND \u2013 KJER PRAVLJICE O\u017dIVIJO (115 \u20ac \/ osebo)<\/strong><br>Za vse, ki \u017eelite prebuditi otroka v sebi, je tu skok v svet domi\u0161ljije. Disneyland Paris ponuja dva tematska parka polna adrenalina, magije in sre\u010danj z legendarnimi junaki. Od vrtenja v \u010dajnih skodelicah do vrtoglavih vo\u017eenj v vesolje in gusarskih pustolov\u0161\u010din. Park v poletnem \u010dasu goste razvaja vse do poznih ve\u010dernih ur, ko nebo nad spe\u010dim gradom razsvetli nepozaben ognjemet in svetlobni \u0161ov.<br><strong>OPCIJA 3: PARI\u0160KI &#8220;FL\u00c2NEUR&#8221; \u2013 DAN ZA VA\u0160O DU\u0160O<\/strong><br>\u010ce \u017eelite Pariz preprosto &#8220;vdihniti&#8221;, je to dan za vas. Brez na\u010drta in hitenja si privo\u0161\u010dite najbolj\u0161i falafel na svetu, razi\u0161\u010dete skrita dvori\u0161\u010da ali pa pre\u017eivite popoldne ob kavi in opazovanju mimoido\u010dih na obre\u017eju Sene. To je \u010das za tiste drobne nakupe, obisk specifi\u010dnega muzeja po va\u0161i izbiri ali pa le za dolge sprehode po bulvarjih, ki so navdihovali umetnike stoletja.<\/p>\n\n\n\n<p class=\"has-foreground-color has-text-color has-link-color wp-elements-55419263e0e79f2131c112d8c8f9a268\"><strong>VE\u010cERNI VRHUNEC \u2013 ROMANTI\u010cNA VE\u010cERJA NA SENI (95 \u20ac \/ osebo) &#8211; FAKULTATIVA<\/strong><br>Zve\u010der se tisti, ki \u017eelite do\u017eiveti pari\u0161ki ambient in presti\u017e ter tisti &#8220;vau&#8221; trenutek se zberemo pred na\u0161im hotelom, od koder se skupaj odpravimo na nepozaben zaklju\u010dek dneva. Podali se bomo na ladjo, ki bo postala na\u0161a restavracija na vodi. Med plovbo pod osvetljenimi mostovi nam bodo postregli s tipi\u010dno francosko ve\u010derjo. Ob kozarcu vina in pogledu na osvetljeno katedralo Notre-Dame in Eifflov stolp z re\u010dne gladine, bo to ve\u010der, ki ga bomo vsi shranili v poseben koti\u010dek spominov. Plovba vklju\u010duje ve\u010durno kri\u017earjenje po Seni z nepozabnimi razgledi na osvetljene pari\u0161ke spomenike in vrhunsko kulinari\u010dno do\u017eivetje s polno ve\u010derjo oziroma izbranim menijem. V ceno so obi\u010dajno zajeti trije hodi francoskih specialitet, pija\u010da (vino, voda in kava) ter \u017eiva glasba, ki poskrbi za popolno pari\u0161ko vzdu\u0161je.<\/p>\n\n\n\n<p class=\"has-foreground-color has-text-color has-link-color wp-elements-44f39db10864e4e52a4e24c04e690837\"><strong>5. DAN: \u010cETRTEK (13. 8. 2026) \u2013 SKOZI \u0160VICARSKI GRAND CANYON IN \u010cEZ TRI DR\u017dAVE DOMOV<\/strong> Zadnji dan na\u0161ega potovanja bo pravi u\u017eitek za ljubitelje hitrosti in udobja. V enem dnevu bomo s sodobnimi vlaki pre\u010dkali Francijo, Nem\u010dijo in Avstrijo ter se v slogu vrnili domov. Po zadnjem francoskem zajtrku se le z na\u0161o prtljago sprehodimo do postaje in ob 09:06 se vkrcamo na hitri vlak TGV, ki nas bo v treh urah pripeljal v osr\u010dje Nem\u010dije. V Mannheimu prestopimo na nem\u0161ki ICE, ki nas bo popeljal proti Bavarski. V M\u00fcnchnu si vzamemo uro \u010dasa za kratek odmor, nato pa ob 16:16 nadaljujemo pot z direktnim vlakom ICE\/EC proti jugu. Vo\u017enja skozi Alpe nam bo ponudila najlep\u0161e razglede za konec na\u0161e avanture. V Gradec prispemo ob 21:56, od koder nas lo\u010di le \u0161e kratek skok do Maribora in Ljubljane. Domov se boste vrnili brez potovalne utrujenosti, s srcem polnim nepozabnih spominov.<br><\/p>\n\n\n\n<p class=\"has-foreground-color has-text-color has-link-color has-content-heading-font-size wp-elements-6f969fa8dea4886093880502f8bb84f5\"><strong><em>Cena potovanja: \u00a0595,00 EUR na osebo \/ 555,00 EUR (starost do 15 let)<\/em><\/strong><\/p>\n\n\n\n<p><strong>CENA VKLJU\u010cUJE:<\/strong><\/p>\n\n\n\n<ul class=\"wp-block-list\">\n<li class=\"has-foreground-color has-text-color has-link-color wp-elements-dbd6d2dde8eb614d7ed43d90ad9dda89\"><strong>Vse prevoze z vlaki po programu z rezervacijami (no\u010dni vlak, TGV, ICE, EC),<\/strong><\/li>\n\n\n\n<li class=\"has-foreground-color has-text-color has-link-color wp-elements-d0c1570ef86afaa507499099c02e7e7d\"><strong>3x no\u010ditev z zajtrkom v hotelih 3* in 4* na lokaciji ob postaji,<\/strong><\/li>\n\n\n\n<li class=\"has-foreground-color has-text-color has-link-color wp-elements-c8eaa6c655c0827b5228ed371bd0e454\"><strong>24-urno vozovnico za pari\u0161ki metro (3. dan), ostali mestni prevozi po programu,<\/strong><\/li>\n\n\n\n<li class=\"has-foreground-color has-text-color has-link-color wp-elements-3397eec6c40bc9dfaaa633da3cc90403\"><strong>profesionalno vodenje in organizacijo agencije RailTrip.<\/strong><\/li>\n<\/ul>\n\n\n\n<p class=\"has-foreground-color has-text-color has-link-color wp-elements-e558b017a25f20c698980b4a3d323328\"><strong><em><u>OBVEZNA DOPLA\u010cILA: prijavnina: 15 \u20ac na prijavo, Turisti\u010dne takse: 16 \u20ac (ob prijavi ali vodniku na poti)<\/u><\/em><\/strong><\/p>\n\n\n\n<p><strong>MO\u017dNA DOPLA\u010cILA:<\/strong><\/p>\n\n\n\n<ul class=\"wp-block-list\">\n<li class=\"has-foreground-color has-text-color has-link-color wp-elements-3fb94048ba6a60c225e033ce274a97a1\"><strong>Namestitev v spalniku na no\u010dnem vlaku Ljubljana \u2013 Stuttgart (po ceniku prevoznika ob rezervaciji),<\/strong><\/li>\n\n\n\n<li><strong>ve\u010derja na Seni (95 \u20ac), Disneyland (115 \u20ac), Versailles z vodenjem (45 \u20ac),<\/strong><\/li>\n\n\n\n<li><strong>enoposteljna soba v hotelu (dopla\u010dilo 120 EUR),<\/strong><\/li>\n\n\n\n<li><strong>riziko odpovedi 5% kon\u010dne cene, zdravstveno zavarovanje z asistenco.<\/strong><\/li>\n<\/ul>\n\n\n\n<p class=\"has-text-align-center\"><strong>Splo\u0161ni pogoji so sestavni del programa!<\/strong><br><br><\/p>\n","protected":false},"excerpt":{"rendered":"<p>OD ALPSKIH JUTRANJIH MEGLIC DO PARI\u0160KEGA BLI\u0160\u010cA9. 8. \u2013 13. 8. 2026 Program RailTrip Pariz je zasnovan za prave popotni\u0161ke sladokusce. Pot nas bo vodila skozi srce Evrope \u2013 od no\u010dne romantike v spalnikih, prek zajtrka Stuttgartu, do vrtoglave hitrosti 320 km\/h na krovu francoskega ponosa TGV Lyria. To ni le ogled mesta; to je [&hellip;]<\/p>\n","protected":false},"author":1,"featured_media":0,"parent":0,"menu_order":0,"comment_status":"closed","ping_status":"closed","template":"","meta":{"footnotes":""},"class_list":["post-197","page","type-page","status-publish","hentry"],"_links":{"self":[{"href":"https:\/\/railtrip.si\/index.php\/wp-json\/wp\/v2\/pages\/197","targetHints":{"allow":["GET"]}}],"collection":[{"href":"https:\/\/railtrip.si\/index.php\/wp-json\/wp\/v2\/pages"}],"about":[{"href":"https:\/\/railtrip.si\/index.php\/wp-json\/wp\/v2\/types\/page"}],"author":[{"embeddable":true,"href":"https:\/\/railtrip.si\/index.php\/wp-json\/wp\/v2\/users\/1"}],"replies":[{"embeddable":true,"href":"https:\/\/railtrip.si\/index.php\/wp-json\/wp\/v2\/comments?post=197"}],"version-history":[{"count":1,"href":"https:\/\/railtrip.si\/index.php\/wp-json\/wp\/v2\/pages\/197\/revisions"}],"predecessor-version":[{"id":198,"href":"https:\/\/railtrip.si\/index.php\/wp-json\/wp\/v2\/pages\/197\/revisions\/198"}],"wp:attachment":[{"href":"https:\/\/railtrip.si\/index.php\/wp-json\/wp\/v2\/media?parent=197"}],"curies":[{"name":"wp","href":"https:\/\/api.w.org\/{rel}","templated":true}]}}