{"id":159,"date":"2026-03-01T22:34:16","date_gmt":"2026-03-01T22:34:16","guid":{"rendered":"https:\/\/railtrip.si\/?page_id=159"},"modified":"2026-03-02T02:04:35","modified_gmt":"2026-03-02T02:04:35","slug":"adventna-poljska","status":"publish","type":"page","link":"https:\/\/railtrip.si\/index.php\/adventna-poljska\/","title":{"rendered":"ADVENTNA POLJSKA"},"content":{"rendered":"\n<h1 class=\"wp-block-heading has-text-align-center has-huge-font-size\"><strong>Z VLAKOM SKOZI BO\u017dI\u010cNO PRAVLJICO<\/strong><\/h1>\n\n\n\n<p class=\"has-text-align-center has-extra-large-font-size\"><strong>VAR\u0160AVA \u2013 GDANJSK \u2013 KRAKOV \u2013 VROCLAV (6 DNI) \u00a0\u00a0\u00a0\u00a0\u00a0\u00a0<\/strong><br><strong> 01. 12. \u2013 06. 12. 2026<\/strong><\/p>\n\n\n\n<p class=\"has-text-align-center has-foreground-color has-vivid-red-background-color has-text-color has-background has-link-color wp-elements-64213e0847a90e339adb53836d1d4f01\"><strong><em>RailTrip \u2013 DO\u017dIVITE VE\u010c, POTUJTE S STILOM<\/em><\/strong><\/p>\n\n\n\n<p class=\"has-text-align-center has-foreground-color has-text-color has-link-color has-normal-font-size wp-elements-ce8029f50fcaeae37b07e3670ffc5656\"><strong>Ste pripravljeni na bo\u017ei\u010dno pravljico, kjer se potovanje ne meri v kilometrih, ampak v do\u017eivetjih? Pri agenciji RailTrip verjamemo, da je pot z vlakom skozi zasne\u017eeno poljsko ravnico najlep\u0161i uvod v praznike. Pozabite na utrujenost v avtobusu; namesto tega u\u017eivajte v udobju hitrih vlakov, medtem ko vas vodimo skozi \u0161tiri mesta, ki vsako december tekmujejo za naslov najlep\u0161ega adventa v Evropi.<\/strong><\/p>\n\n\n\n<p class=\"has-foreground-color has-text-color has-link-color wp-elements-96ee7865374e7d7363a550bd2280b336\"><strong>1. DAN: TOREK (01.12.2026) \u2013 NO\u010cNA ROMANTIKA NA TIRIH<\/strong><br>Na\u0161a pustolov\u0161\u010dina se za\u010dne v drugem delu dneva odvisno od vstopne postaje (Ljubljana 16.05, Celje 17.13, Maribor 18.22). Pot nas odpelje v smeri Dunaja, kjer se vkrcamo na legendarni no\u010dni vlak Chopin. Namestimo se v vagone, kjer ob pridu\u0161eni svetlobi in ritmi\u010dnem zvoku tirnic nazdravimo novi poti. No\u010dna vo\u017enja nam ponuja edinstveno izku\u0161njo prehajanja meja, medtem ko se svet zunaj odeva v zimsko ti\u0161ino. Po \u017eelji in z dopla\u010dilom si lahko udobje pove\u010date z namestitvijo v spalne kabine.<\/p>\n\n\n\n<p class=\"has-foreground-color has-text-color has-link-color wp-elements-c9bd6b56e200edc2509a1e94ce38f191\"><strong>2. DAN: SREDA (02.12.2026) \u2013 VAR\u0160AVA: KRALJEVI BLI\u0160\u010c IN MILIJON LU\u010cK<\/strong><br>V jutranjih urah okoli 8.00 prispemo v Var\u0161avo odlo\u017eimo kov\u010dke v hotelu, ki se nahaja tik ob postaji. Sledil bo ogled mesta, ki ga bomo opravili ve\u010dinoma s podzemno \u017eeleznico in drugim javnim prevozom. Popoldan, ko se lu\u010dke pri\u017egejo se sprehodimo se skozi popolnoma obnovljeno staro mestno jedro (Stare Miasto) pod za\u0161\u010dito Unesca. Ve\u010der pre\u017eivimo med prazni\u010dnimi stojnicami na Kraljevi poti.<br>Var\u0161avski adventni sejem slovi po svojem drsali\u0161\u010du okoli kipa morske deklice in ne\u0161tetih lu\u010dkah, ki krasijo Kraljevo pot. Zanimivost: Ne zamudite poku\u0161ine &#8220;Bigosa&#8221; \u2013 tradicionalne enolon\u010dnice, ki jo Poljaki pripravljajo po receptih svojih babic in je prava energijska bomba za zimske dni. Vrnitev v hotel skupaj ali po \u017eelji individualno.<\/p>\n\n\n\n<p class=\"has-foreground-color has-text-color has-link-color wp-elements-ea2426734ff1878ac37fb884ec6bb0d1\"><strong>3. DAN: \u010cETRTEK (03.12.2026) \u2013 GDANSK: BALTSKA ZIMSKA IDILA IN BO\u017dI\u010c OB BALTIKU<\/strong><br>Po zajtrku s hitrim vlakom Pendolino odbrzimo proti severu na Baltsko morje. Namestitev v hotelu neposredno ob postaji. Gdansk nas bo o\u010daral z ulico Mariacka in enim najlep\u0161ih sejmov v Evropi. Sejem v Gdanjsku velja za najbolj romanti\u010dnega na Poljskem.<br>Tu vas bo pozdravil govore\u010di los Lucek, ki zabava obiskovalce, in Angeli na hoduljah. Zanimivost: Gdanjsk je svetovna prestolnica jantarja \u2013 adventni \u010das je idealen za nakup unikatnega nakita iz &#8220;baltskega zlata&#8221;, ki ga na stojnicah ponujajo lokalni mojstri. Ker v mestu spimo, si lahko privo\u0161\u010dimo ve\u010derni sprehod ob reki Mot\u0142awi brez hitenja. No\u010ditev v Gdansku.<\/p>\n\n\n\n<p class=\"has-foreground-color has-text-color has-link-color wp-elements-60a21034f7e9c9d29abbb22c6ab2752b\"><strong>4. DAN: PETEK (04.12.2026) \u2013 KRAKOV: TRADICIJA V SRCU KRALJEVSTVA<\/strong><br>Po zajtrku se usmerimo proti jugu Poljske v kraljevi Krakov. Ponovno izkoristimo hitrost Pendolina in se namestimo v hotelu. Ogledamo si veli\u010dasten grad Wawel in katedralo, nato pa se potopimo v prazni\u010dno vzdu\u0161je na Glavnem trgu (Rynek G\u0142\u00f3wny), kjer v dvorani Sukiennice poi\u0161\u010demo unikatna darila.<br>Njegov sejem na Glavnem trgu (Rynek) je srce poljske bo\u017ei\u010dne tradicije. Zanimivost: Vsako leto v Krakovu poteka tekmovanje za najlep\u0161e jaslice (szopki), ki so barviti mini gradovi, narejeni iz ble\u0161\u010de\u010de folije. V renesan\u010dni dvorani Sukiennice pa boste na\u0161li najbolj\u0161e ro\u010dno poslikane steklene bo\u017ei\u010dne okraske, po katerih Poljska slovi po celem svetu.<\/p>\n\n\n\n<p class=\"has-foreground-color has-text-color has-link-color wp-elements-a75f1bc259067584ac5de56a532d0fe2\"><strong>5. DAN: SOBOTA (05.12.2026) \u2013 VROCLAV: MED \u0160KRATI IN PRAVLJI\u010cNIMI MLINI<\/strong><br>Po zajtrku nas \u010daka \u0161e vo\u017enja z vlakom do \u010detrtega poljskega bisera &#8211; Vroclava, mesto \u0161tevilnih kanalov in mostov. Namestimo se v hotelu in se podamo na lov za bronastimi \u0161krati, ki so skriti po mestu. Obi\u0161\u010demo pravlji\u010dni sejem na trgu Rynek in opazujemo svetilni\u010darja, ki na otoku Ostr\u00f3w Tumski \u0161e vedno ro\u010dno pri\u017eiga plinske svetilke.Zanimivost: Vroclavski sejem je znan po &#8220;\u0161kratovem napoju&#8221; (kuhano vino), ki ga pijejo iz kerami\u010dnih skodelic v obliki \u0161kornjev \u2013 te so vsako leto druga\u010dne barve in so priljubljen zbirateljski predmet. Med stojnicami pa nas bodo ves \u010das spremljali vroclavski \u0161krati, ki so se za to prilo\u017enost oblekli v bo\u017ei\u010dne kapice.<\/p>\n\n\n\n<p class=\"has-foreground-color has-text-color has-link-color wp-elements-ed74396c9acdcf1d6f86f364ce2ac142\"><strong>6. DAN: NEDELJA (06.12.2026) \u2013 POVRATEK \u010cEZ SREDNJO EVROPO <\/strong><br>Zgodaj zjutraj se vkrcamo na direktni mednarodni vlak do<strong> <\/strong>Dunaja, kamor prispemo okoli poldneva. Ta dan nas \u010daka lunch paket za na pot. Po dobri uri prestopimo na vlak do Gradca in naprej proti domu. Med udobno vo\u017enjo skozi \u010ce\u0161ko in Avstrijo si lahko v jedilnem vagonu privo\u0161\u010dite kosilo z razgledom na zasne\u017eeno pokrajino. Prihod domov v ve\u010dernih urah, s polnimi torbami daril in srcem, polnim bo\u017ei\u010dne magije.<\/p>\n\n\n\n<p class=\"has-foreground-color has-text-color has-link-color has-content-heading-font-size wp-elements-cdc511232cd0e65a8fb3459236371f17\"><strong>Cena aran\u017emaja (odhod Maribor): \u00a0745,00 EUR na osebo \/ 655,00 EUR (starost 6 \u2013 17 let)<\/strong><br><strong><em><u>Dopla\u010dila: Ljubljana 20,00 EUR, Celje 12,00 EUR<\/u><\/em><\/strong><\/p>\n\n\n\n<p class=\"has-foreground-color has-text-color has-link-color wp-elements-15351901afbd1ffc3358efa6d8bbf6d8\"><strong>CENA VKLJU\u010cUJE:<\/strong><\/p>\n\n\n\n<ul class=\"wp-block-list\">\n<li class=\"has-foreground-color has-text-color has-link-color wp-elements-9c3e826d6c6299b4ee7b7f2368c2c55b\"><strong>4x no\u010ditev z zajtrkom hotelih 3* in 4* na vrhunskih lokacijah ob postajah (1* lunch paket),<\/strong><\/li>\n\n\n\n<li class=\"has-foreground-color has-text-color has-link-color wp-elements-d398dc53e66c9bd8e8cffdfcf8b6bcae\"><strong>prevoz na no\u010dnem vlaku v sede\u017enem vagonu,<\/strong><\/li>\n\n\n\n<li class=\"has-foreground-color has-text-color has-link-color wp-elements-727ab3e6ca14a33d4c7509166b651d38\"><strong>vse prevoze z vlaki po programu (vklju\u010dno s hitrimi vlaki Pendolino, EuroCity in IC),<\/strong><\/li>\n\n\n\n<li class=\"has-foreground-color has-text-color has-link-color wp-elements-62cfb2c7a0549690a8701eedf025fb29\"><strong>vozovnice za vse navedene vo\u017enje in vse potrebne rezervacije sede\u017eev,<\/strong><\/li>\n\n\n\n<li class=\"has-foreground-color has-text-color has-link-color wp-elements-a57f1038e0352e96fc5e31bc9af9e8ba\"><strong>dnevna vozovnica za javni promet v Var\u0161avi,<\/strong><\/li>\n\n\n\n<li class=\"has-foreground-color has-text-color has-link-color wp-elements-3397eec6c40bc9dfaaa633da3cc90403\"><strong>profesionalno vodenje in organizacijo agencije RailTrip.<\/strong><\/li>\n<\/ul>\n\n\n\n<p class=\"has-foreground-color has-text-color has-link-color wp-elements-8d2209df3d566365b00ac84e1b4ae974\"><strong>OBVEZNA DOPLA\u010cILA: *<\/strong><br><strong>Prijavnina: 15 \u20ac na prijavo.<\/strong><br><strong>Turisti\u010dne takse: 16 \u20ac (pla\u010dilo ob prijavi ali vodniku na poti)<\/strong><\/p>\n\n\n\n<p><strong>MO\u017dNA DOPLA\u010cILA:<\/strong><\/p>\n\n\n\n<ul class=\"wp-block-list\">\n<li class=\"has-foreground-color has-text-color has-link-color wp-elements-7e1aad3265748a75dc0e04dc9c698d8c\"><strong>Namestitev v spalniku na no\u010dnem vlaku \u2013 po ceniku prevoznika ob rezervaciji<\/strong><\/li>\n\n\n\n<li class=\"has-foreground-color has-text-color has-link-color wp-elements-e76a1ca1bbd80d9e25701d5070a1240f\"><strong>Enoposteljna soba v hotelih (dopla\u010dilo 120 EUR)<\/strong><\/li>\n\n\n\n<li class=\"has-foreground-color has-text-color has-link-color wp-elements-1843586daeda3437f23cb2b623ea9de8\"><strong>Riziko odpovedi 5% kon\u010dne cene, zdravstveno zavarovanje z asistenco<\/strong><\/li>\n<\/ul>\n\n\n\n<p class=\"has-foreground-color has-text-color has-link-color wp-elements-40c948aa0bd85aaaeef36a02aa1198a7\"><strong>Splo\u0161ni pogoji so sestavni del programa!<\/strong><\/p>\n\n\n\n<figure class=\"wp-block-image size-full is-resized\"><img loading=\"lazy\" decoding=\"async\" width=\"1024\" height=\"559\" src=\"https:\/\/railtrip.si\/wp-content\/uploads\/2026\/01\/slika-poljska-advent-2026-1.jpg\" alt=\"\" class=\"wp-image-170\" style=\"aspect-ratio:1.831865828092243;width:1746px;height:auto\" srcset=\"https:\/\/railtrip.si\/wp-content\/uploads\/2026\/01\/slika-poljska-advent-2026-1.jpg 1024w, https:\/\/railtrip.si\/wp-content\/uploads\/2026\/01\/slika-poljska-advent-2026-1-300x164.jpg 300w, https:\/\/railtrip.si\/wp-content\/uploads\/2026\/01\/slika-poljska-advent-2026-1-768x419.jpg 768w\" sizes=\"auto, (max-width: 1024px) 100vw, 1024px\" \/><\/figure>\n","protected":false},"excerpt":{"rendered":"<p>Z VLAKOM SKOZI BO\u017dI\u010cNO PRAVLJICO VAR\u0160AVA \u2013 GDANJSK \u2013 KRAKOV \u2013 VROCLAV (6 DNI) \u00a0\u00a0\u00a0\u00a0\u00a0\u00a0 01. 12. \u2013 06. 12. 2026 RailTrip \u2013 DO\u017dIVITE VE\u010c, POTUJTE S STILOM Ste pripravljeni na bo\u017ei\u010dno pravljico, kjer se potovanje ne meri v kilometrih, ampak v do\u017eivetjih? Pri agenciji RailTrip verjamemo, da je pot z vlakom skozi zasne\u017eeno poljsko [&hellip;]<\/p>\n","protected":false},"author":1,"featured_media":170,"parent":0,"menu_order":0,"comment_status":"closed","ping_status":"closed","template":"adventna-poljska","meta":{"footnotes":""},"class_list":["post-159","page","type-page","status-publish","has-post-thumbnail","hentry"],"_links":{"self":[{"href":"https:\/\/railtrip.si\/index.php\/wp-json\/wp\/v2\/pages\/159","targetHints":{"allow":["GET"]}}],"collection":[{"href":"https:\/\/railtrip.si\/index.php\/wp-json\/wp\/v2\/pages"}],"about":[{"href":"https:\/\/railtrip.si\/index.php\/wp-json\/wp\/v2\/types\/page"}],"author":[{"embeddable":true,"href":"https:\/\/railtrip.si\/index.php\/wp-json\/wp\/v2\/users\/1"}],"replies":[{"embeddable":true,"href":"https:\/\/railtrip.si\/index.php\/wp-json\/wp\/v2\/comments?post=159"}],"version-history":[{"count":3,"href":"https:\/\/railtrip.si\/index.php\/wp-json\/wp\/v2\/pages\/159\/revisions"}],"predecessor-version":[{"id":217,"href":"https:\/\/railtrip.si\/index.php\/wp-json\/wp\/v2\/pages\/159\/revisions\/217"}],"wp:featuredmedia":[{"embeddable":true,"href":"https:\/\/railtrip.si\/index.php\/wp-json\/wp\/v2\/media\/170"}],"wp:attachment":[{"href":"https:\/\/railtrip.si\/index.php\/wp-json\/wp\/v2\/media?parent=159"}],"curies":[{"name":"wp","href":"https:\/\/api.w.org\/{rel}","templated":true}]}}